{"id":7,"date":"2026-03-05T10:47:21","date_gmt":"2026-03-05T10:47:21","guid":{"rendered":"https:\/\/www.enescambalkon.com\/?page_id=7"},"modified":"2026-03-05T10:47:21","modified_gmt":"2026-03-05T10:47:21","slug":"hakkinda","status":"publish","type":"page","link":"https:\/\/www.enescambalkon.com\/?page_id=7","title":{"rendered":"Hakk\u0131nda"},"content":{"rendered":"\n<div class=\"wp-block-cover alignfull\" style=\"min-height:320px;aspect-ratio:unset;\"><span aria-hidden=\"true\" class=\"wp-block-cover__background has-nv-site-bg-background-color has-background-dim-100 has-background-dim\"><\/span><div class=\"wp-block-cover__inner-container is-layout-flow wp-block-cover-is-layout-flow\">\n<div class=\"wp-block-group\" style=\"padding-right:var(--wp--preset--spacing--30);padding-left:var(--wp--preset--spacing--30)\"><div class=\"wp-block-group__inner-container is-layout-flow wp-block-group-is-layout-flow\">\n<h1 class=\"wp-block-heading has-text-align-left has-neve-text-color-color has-text-color\">Hakk\u0131m\u0131zda<\/h1>\n<\/div><\/div>\n<\/div><\/div>\n\n\n\n<div class=\"wp-block-cover alignfull is-light\" style=\"min-height:600px;aspect-ratio:unset;\"><span aria-hidden=\"true\" class=\"wp-block-cover__background has-nv-dark-bg-background-color has-background-dim-10 has-background-dim\"><\/span><div class=\"wp-block-cover__inner-container is-layout-flow wp-block-cover-is-layout-flow\">\n<div class=\"wp-block-group\"><div class=\"wp-block-group__inner-container is-layout-flow wp-block-group-is-layout-flow\">\n<div style=\"height:80px\" aria-hidden=\"true\" class=\"wp-block-spacer\"><\/div>\n\n\n\n<div class=\"wp-block-columns has-neve-text-color-color has-text-color is-layout-flex wp-container-core-columns-is-layout-9d6595d7 wp-block-columns-is-layout-flex\">\n<div class=\"wp-block-column is-layout-flow wp-block-column-is-layout-flow\" style=\"padding-right:var(--wp--preset--spacing--30);padding-left:var(--wp--preset--spacing--30);flex-basis:100%\"><div class=\"wp-block-image\">\n<figure class=\"alignleft size-full is-resized has-custom-border\"><img loading=\"lazy\" decoding=\"async\" width=\"387\" height=\"517\" src=\"https:\/\/www.enescambalkon.com\/wp-content\/uploads\/2026\/03\/Ekran-goruntusu-2026-03-05-123755-edited.png\" alt=\"\" class=\"wp-image-45\" style=\"border-radius:16px;aspect-ratio:0.7474380648258302;width:524px;height:auto\" srcset=\"https:\/\/www.enescambalkon.com\/wp-content\/uploads\/2026\/03\/Ekran-goruntusu-2026-03-05-123755-edited.png 387w, https:\/\/www.enescambalkon.com\/wp-content\/uploads\/2026\/03\/Ekran-goruntusu-2026-03-05-123755-edited-225x300.png 225w\" sizes=\"auto, (max-width: 387px) 100vw, 387px\" \/><\/figure>\n<\/div><\/div>\n\n\n\n<div class=\"wp-block-column is-vertically-aligned-center is-layout-flow wp-block-column-is-layout-flow\" style=\"padding-top:0;padding-right:var(--wp--preset--spacing--30);padding-bottom:0;padding-left:var(--wp--preset--spacing--30);flex-basis:50%\">\n<h2 class=\"wp-block-heading has-neve-text-color-color has-text-color\">Hakk\u0131m\u0131zda<\/h2>\n\n\n\n<p class=\"has-neve-text-color-color has-text-color\">Enes Cam Balkon olarak ya\u015fam alanlar\u0131n\u0131z\u0131 daha konforlu, estetik ve kullan\u0131\u015fl\u0131 hale getirmek i\u00e7in profesyonel \u00e7\u00f6z\u00fcmler sunuyoruz. Y\u0131llar\u0131n verdi\u011fi tecr\u00fcbe ve uzman kadromuzla kaliteli malzeme, titiz i\u015f\u00e7ilik ve m\u00fc\u015fteri memnuniyetini \u00f6n planda tutarak hizmet veriyoruz.<\/p>\n\n\n\n<p>Ev, i\u015f yeri, balkon ve bah\u00e7eleriniz i\u00e7in modern ve dayan\u0131kl\u0131 sistemler kurarak ya\u015fam alanlar\u0131n\u0131za de\u011fer kat\u0131yoruz. Projelerimizde hem estetik g\u00f6r\u00fcn\u00fcm\u00fc hem de uzun \u00f6m\u00fcrl\u00fc kullan\u0131m avantaj\u0131n\u0131 bir araya getiriyoruz.<\/p>\n\n\n\n<p>Hizmetlerimiz aras\u0131nda;<br>&#x1f538; Cam Balkon<br>&#x1f538; Du\u015fakabin<br>&#x1f538; Pergola &amp; Giyotin Sistemleri<br>&#x1f538; Plise Perde<br>&#x1f538; Sineklik<br>&#x1f538; Panjur<br>&#x1f538; Al\u00fcminyum Korkuluk<\/p>\n\n\n\n<p>yer almaktad\u0131r.<\/p>\n\n\n\n<p class=\"has-neve-text-color-color has-text-color\">Her projede m\u00fc\u015fterilerimizin ihtiya\u00e7lar\u0131n\u0131 dikkatle analiz ediyor, uygun fiyat ve kaliteli i\u015f\u00e7ilik anlay\u0131\u015f\u0131yla en do\u011fru \u00e7\u00f6z\u00fcmleri sunuyoruz. Amac\u0131m\u0131z sadece \u00fcr\u00fcn satmak de\u011fil, g\u00fcvenilir hizmet anlay\u0131\u015f\u0131yla uzun y\u0131llar memnuniyet sa\u011flamakt\u0131r.<\/p>\n<\/div>\n<\/div>\n\n\n\n<div style=\"height:40px\" aria-hidden=\"true\" class=\"wp-block-spacer\"><\/div>\n<\/div><\/div>\n<\/div><\/div>\n\n\n\n<div class=\"wp-block-cover alignfull is-light\" style=\"min-height:600px;aspect-ratio:unset;\"><span aria-hidden=\"true\" class=\"wp-block-cover__background has-background-dim-0 has-background-dim\" style=\"background-color:#fd8300\"><\/span><div class=\"wp-block-cover__inner-container is-layout-flow wp-block-cover-is-layout-flow\">\n<div class=\"wp-block-group\"><div class=\"wp-block-group__inner-container is-layout-flow wp-block-group-is-layout-flow\">\n<div style=\"height:80px\" aria-hidden=\"true\" class=\"wp-block-spacer\"><\/div>\n\n\n\n<div class=\"wp-block-columns are-vertically-aligned-center is-layout-flex wp-container-core-columns-is-layout-9d6595d7 wp-block-columns-is-layout-flex\">\n<div class=\"wp-block-column is-vertically-aligned-center is-layout-flow wp-block-column-is-layout-flow\" style=\"padding-right:var(--wp--preset--spacing--30);padding-left:var(--wp--preset--spacing--30);flex-basis:50%\">\n<h2 class=\"wp-block-heading has-nv-text-dark-bg-color has-text-color\"><mark style=\"background-color:rgba(0, 0, 0, 0);color:#fe9400\" class=\"has-inline-color\">M\u00fc\u015fteri Memnuniyeti ve Uygun Fiyat Politikam\u0131z<\/mark><\/h2>\n\n\n\n<p class=\"has-nv-text-dark-bg-color has-text-color\"><mark style=\"background-color:rgba(0, 0, 0, 0)\" class=\"has-inline-color has-nv-dark-bg-color\">Her projede m\u00fc\u015fterilerimizin ihtiya\u00e7lar\u0131n\u0131 dikkatle analiz ediyor, uygun fiyat ve kaliteli i\u015f\u00e7ilik anlay\u0131\u015f\u0131yla en do\u011fru \u00e7\u00f6z\u00fcmleri sunuyoruz. Amac\u0131m\u0131z sadece \u00fcr\u00fcn satmak de\u011fil, g\u00fcvenilir hizmet anlay\u0131\u015f\u0131yla uzun y\u0131llar memnuniyet sa\u011flamakt\u0131r.<\/mark><\/p>\n\n\n\n<div style=\"height:20px\" aria-hidden=\"true\" class=\"wp-block-spacer\"><\/div>\n\n\n\n<div class=\"wp-block-buttons has-custom-font-size has-small-font-size is-content-justification-left is-layout-flex wp-container-core-buttons-is-layout-fdcfc74e wp-block-buttons-is-layout-flex\">\n<div class=\"wp-block-button is-style-default\"><a class=\"wp-block-button__link has-nv-text-dark-bg-color has-text-color has-background has-link-color has-custom-font-size wp-element-button\" href=\"https:\/\/www.enescambalkon.com\/contact\/\" style=\"background-color:#ff9500;font-size:16px\">Bizimle \u0130leti\u015fime Ge\u00e7<\/a><\/div>\n<\/div>\n\n\n\n<div style=\"height:20px\" aria-hidden=\"true\" class=\"wp-block-spacer\"><\/div>\n<\/div>\n\n\n\n<div class=\"wp-block-column is-vertically-aligned-center is-layout-flow wp-block-column-is-layout-flow\" style=\"padding-right:var(--wp--preset--spacing--30);padding-left:var(--wp--preset--spacing--30);flex-basis:50%\"><div class=\"wp-block-image\">\n<figure class=\"alignright size-full is-resized has-custom-border\"><img loading=\"lazy\" decoding=\"async\" width=\"1200\" height=\"1600\" src=\"https:\/\/www.enescambalkon.com\/wp-content\/uploads\/2026\/03\/WhatsApp-Image-2025-05-28-at-19.46.27.jpeg\" alt=\"\" class=\"wp-image-48\" style=\"border-radius:16px;aspect-ratio:0.7500052357117426;width:386px;height:auto\" srcset=\"https:\/\/www.enescambalkon.com\/wp-content\/uploads\/2026\/03\/WhatsApp-Image-2025-05-28-at-19.46.27.jpeg 1200w, https:\/\/www.enescambalkon.com\/wp-content\/uploads\/2026\/03\/WhatsApp-Image-2025-05-28-at-19.46.27-225x300.jpeg 225w, https:\/\/www.enescambalkon.com\/wp-content\/uploads\/2026\/03\/WhatsApp-Image-2025-05-28-at-19.46.27-768x1024.jpeg 768w, https:\/\/www.enescambalkon.com\/wp-content\/uploads\/2026\/03\/WhatsApp-Image-2025-05-28-at-19.46.27-1152x1536.jpeg 1152w\" sizes=\"auto, (max-width: 1200px) 100vw, 1200px\" \/><\/figure>\n<\/div><\/div>\n<\/div>\n<\/div><\/div>\n<\/div><\/div>\n\n\n\n<div class=\"wp-block-cover alignfull\" style=\"min-height:1123px;aspect-ratio:unset;\"><span aria-hidden=\"true\" class=\"wp-block-cover__background has-nv-site-bg-background-color has-background-dim-100 has-background-dim\"><\/span><div class=\"wp-block-cover__inner-container is-layout-flow wp-block-cover-is-layout-flow\">\n<div style=\"height:30px\" aria-hidden=\"true\" class=\"wp-block-spacer\"><\/div>\n\n\n<\/div><\/div>\n\n\n\n<div class=\"wp-block-cover alignfull\" style=\"min-height:419px;aspect-ratio:unset;\"><span aria-hidden=\"true\" class=\"wp-block-cover__background has-nv-light-bg-background-color has-background-dim-100 has-background-dim\"><\/span><div class=\"wp-block-cover__inner-container is-layout-flow wp-block-cover-is-layout-flow\">\n<div class=\"wp-block-group\"><div class=\"wp-block-group__inner-container is-layout-flow wp-block-group-is-layout-flow\">\n<div class=\"wp-block-columns has-nv-text-dark-bg-color has-neve-link-color-background-color has-text-color has-background has-link-color wp-elements-66fba82a8569e255e2f1c378f6ac3715 is-layout-flex wp-container-core-columns-is-layout-54bf4747 wp-block-columns-is-layout-flex\" style=\"border-radius:24px;padding-top:var(--wp--preset--spacing--70);padding-right:var(--wp--preset--spacing--70);padding-bottom:var(--wp--preset--spacing--70);padding-left:var(--wp--preset--spacing--70)\">\n<div class=\"wp-block-column is-layout-flow wp-block-column-is-layout-flow\" style=\"flex-basis:100%\">\n<h2 class=\"wp-block-heading has-nv-text-dark-bg-color has-text-color has-link-color has-huge-font-size wp-elements-353c0a891b0cdecc6b3bdd828678adb2\">Enes Cam Balkon &amp; Du\u015fakabin Sistemleri<\/h2>\n\n\n\n<p class=\"has-nv-text-dark-bg-color has-text-color has-link-color wp-elements-fa09769996680334348d23a2817f0e73\">Evenize De\u011fer Katar.<\/p>\n<\/div>\n\n\n\n<div class=\"wp-block-column is-layout-flow wp-block-column-is-layout-flow\" style=\"flex-basis:100%\">\n<p class=\"has-nv-text-dark-bg-color has-text-color has-link-color has-medium-font-size wp-elements-64193911dbc006b1475f53dd2c7e46e1\">Balkonlar\u0131n\u0131z\u0131 d\u00f6rt mevsim kullanabilece\u011finiz \u015f\u0131k ve fonksiyonel cam balkon sistemleriyle yeniden tasarl\u0131yor, banyolar\u0131n\u0131z\u0131 modern ve kullan\u0131\u015fl\u0131 du\u015fakabin modelleriyle bulu\u015fturuyoruz.<\/p>\n<\/div>\n<\/div>\n<\/div><\/div>\n\n\n\n<ul class=\"wp-block-social-links aligncenter has-icon-color has-icon-background-color is-layout-flex wp-block-social-links-is-layout-flex\"><li style=\"color:var(--nv-text-dark-bg);background-color:var(--nv-dark-bg);\" class=\"wp-social-link wp-social-link-instagram has-nv-text-dark-bg-color has-nv-dark-bg-background-color wp-block-social-link\"><a href=\"https:\/\/www.instagram.com\/enescambalkonsistemleri?utm_source=ig_web_button_share_sheet&#038;igsh=ZDNlZDc0MzIxNw==\" class=\"wp-block-social-link-anchor\"><svg width=\"24\" height=\"24\" viewBox=\"0 0 24 24\" version=\"1.1\" xmlns=\"http:\/\/www.w3.org\/2000\/svg\" aria-hidden=\"true\" focusable=\"false\"><path d=\"M12,4.622c2.403,0,2.688,0.009,3.637,0.052c0.877,0.04,1.354,0.187,1.671,0.31c0.42,0.163,0.72,0.358,1.035,0.673 c0.315,0.315,0.51,0.615,0.673,1.035c0.123,0.317,0.27,0.794,0.31,1.671c0.043,0.949,0.052,1.234,0.052,3.637 s-0.009,2.688-0.052,3.637c-0.04,0.877-0.187,1.354-0.31,1.671c-0.163,0.42-0.358,0.72-0.673,1.035 c-0.315,0.315-0.615,0.51-1.035,0.673c-0.317,0.123-0.794,0.27-1.671,0.31c-0.949,0.043-1.233,0.052-3.637,0.052 s-2.688-0.009-3.637-0.052c-0.877-0.04-1.354-0.187-1.671-0.31c-0.42-0.163-0.72-0.358-1.035-0.673 c-0.315-0.315-0.51-0.615-0.673-1.035c-0.123-0.317-0.27-0.794-0.31-1.671C4.631,14.688,4.622,14.403,4.622,12 s0.009-2.688,0.052-3.637c0.04-0.877,0.187-1.354,0.31-1.671c0.163-0.42,0.358-0.72,0.673-1.035 c0.315-0.315,0.615-0.51,1.035-0.673c0.317-0.123,0.794-0.27,1.671-0.31C9.312,4.631,9.597,4.622,12,4.622 M12,3 C9.556,3,9.249,3.01,8.289,3.054C7.331,3.098,6.677,3.25,6.105,3.472C5.513,3.702,5.011,4.01,4.511,4.511 c-0.5,0.5-0.808,1.002-1.038,1.594C3.25,6.677,3.098,7.331,3.054,8.289C3.01,9.249,3,9.556,3,12c0,2.444,0.01,2.751,0.054,3.711 c0.044,0.958,0.196,1.612,0.418,2.185c0.23,0.592,0.538,1.094,1.038,1.594c0.5,0.5,1.002,0.808,1.594,1.038 c0.572,0.222,1.227,0.375,2.185,0.418C9.249,20.99,9.556,21,12,21s2.751-0.01,3.711-0.054c0.958-0.044,1.612-0.196,2.185-0.418 c0.592-0.23,1.094-0.538,1.594-1.038c0.5-0.5,0.808-1.002,1.038-1.594c0.222-0.572,0.375-1.227,0.418-2.185 C20.99,14.751,21,14.444,21,12s-0.01-2.751-0.054-3.711c-0.044-0.958-0.196-1.612-0.418-2.185c-0.23-0.592-0.538-1.094-1.038-1.594 c-0.5-0.5-1.002-0.808-1.594-1.038c-0.572-0.222-1.227-0.375-2.185-0.418C14.751,3.01,14.444,3,12,3L12,3z M12,7.378 c-2.552,0-4.622,2.069-4.622,4.622S9.448,16.622,12,16.622s4.622-2.069,4.622-4.622S14.552,7.378,12,7.378z M12,15 c-1.657,0-3-1.343-3-3s1.343-3,3-3s3,1.343,3,3S13.657,15,12,15z M16.804,6.116c-0.596,0-1.08,0.484-1.08,1.08 s0.484,1.08,1.08,1.08c0.596,0,1.08-0.484,1.08-1.08S17.401,6.116,16.804,6.116z\"><\/path><\/svg><span class=\"wp-block-social-link-label screen-reader-text\">Instagram<\/span><\/a><\/li>\n\n<li style=\"color:var(--nv-text-dark-bg);background-color:var(--nv-dark-bg);\" class=\"wp-social-link wp-social-link-facebook has-nv-text-dark-bg-color has-nv-dark-bg-background-color wp-block-social-link\"><a href=\"https:\/\/www.facebook.com\/profile.php?id=61570093262117\" class=\"wp-block-social-link-anchor\"><svg width=\"24\" height=\"24\" viewBox=\"0 0 24 24\" version=\"1.1\" xmlns=\"http:\/\/www.w3.org\/2000\/svg\" aria-hidden=\"true\" focusable=\"false\"><path d=\"M12 2C6.5 2 2 6.5 2 12c0 5 3.7 9.1 8.4 9.9v-7H7.9V12h2.5V9.8c0-2.5 1.5-3.9 3.8-3.9 1.1 0 2.2.2 2.2.2v2.5h-1.3c-1.2 0-1.6.8-1.6 1.6V12h2.8l-.4 2.9h-2.3v7C18.3 21.1 22 17 22 12c0-5.5-4.5-10-10-10z\"><\/path><\/svg><span class=\"wp-block-social-link-label screen-reader-text\">Facebook<\/span><\/a><\/li><\/ul>\n<\/div><\/div>\n\n\n\n<p><\/p>\n","protected":false},"excerpt":{"rendered":"","protected":false},"author":1,"featured_media":0,"parent":0,"menu_order":0,"comment_status":"closed","ping_status":"closed","template":"","meta":{"pagelayer_contact_templates":[],"_pagelayer_content":"","neve_meta_sidebar":"","neve_meta_container":"","neve_meta_enable_content_width":"on","neve_meta_content_width":100,"neve_meta_title_alignment":"","neve_meta_author_avatar":"","neve_post_elements_order":"","neve_meta_disable_header":"","neve_meta_disable_footer":"","neve_meta_disable_title":"on","footnotes":""},"class_list":["post-7","page","type-page","status-publish","hentry"],"_links":{"self":[{"href":"https:\/\/www.enescambalkon.com\/index.php?rest_route=\/wp\/v2\/pages\/7","targetHints":{"allow":["GET"]}}],"collection":[{"href":"https:\/\/www.enescambalkon.com\/index.php?rest_route=\/wp\/v2\/pages"}],"about":[{"href":"https:\/\/www.enescambalkon.com\/index.php?rest_route=\/wp\/v2\/types\/page"}],"author":[{"embeddable":true,"href":"https:\/\/www.enescambalkon.com\/index.php?rest_route=\/wp\/v2\/users\/1"}],"replies":[{"embeddable":true,"href":"https:\/\/www.enescambalkon.com\/index.php?rest_route=%2Fwp%2Fv2%2Fcomments&post=7"}],"version-history":[{"count":1,"href":"https:\/\/www.enescambalkon.com\/index.php?rest_route=\/wp\/v2\/pages\/7\/revisions"}],"predecessor-version":[{"id":59,"href":"https:\/\/www.enescambalkon.com\/index.php?rest_route=\/wp\/v2\/pages\/7\/revisions\/59"}],"wp:attachment":[{"href":"https:\/\/www.enescambalkon.com\/index.php?rest_route=%2Fwp%2Fv2%2Fmedia&parent=7"}],"curies":[{"name":"wp","href":"https:\/\/api.w.org\/{rel}","templated":true}]}}